{"id":850,"date":"2023-06-26T10:09:52","date_gmt":"2023-06-26T10:09:52","guid":{"rendered":"https:\/\/dev.smithdelafuente.com\/en\/?page_id=850"},"modified":"2023-06-26T10:21:45","modified_gmt":"2023-06-26T10:21:45","slug":"cookies-policy","status":"publish","type":"page","link":"https:\/\/smithdelafuente.com\/en\/cookies-policy\/","title":{"rendered":"Cookies Policy"},"content":{"rendered":"\n<p>Marta Torre Ajo (en adelante LA PROPIETARIA DE LA WEB) informa acerca del uso de las cookies en su p\u00e1gina web: www.martatorre.dev<\/p>\n\n\n\n<h3 class=\"wp-block-heading\">\u00bfQU\u00c9 SON LAS COOKIES?<\/h3>\n\n\n\n<p>Las cookies son archivos que se pueden descargar en su equipo a trav\u00e9s de las p\u00e1ginas web. Son herramientas que tienen un papel esencial para la prestaci\u00f3n de numerosos servicios de la sociedad de la informaci\u00f3n. Entre otros, permiten a una p\u00e1gina web almacenar y recuperar informaci\u00f3n sobre los h\u00e1bitos de navegaci\u00f3n de un usuario o de su equipo y, dependiendo de la informaci\u00f3n obtenida, se pueden utilizar para reconocer al usuario y mejorar el servicio ofrecido.<\/p>\n\n\n\n<h3 class=\"wp-block-heading\">TIPOS DE COOKIES<\/h3>\n\n\n\n<p>Seg\u00fan quien sea la entidad que gestione el dominio desde donde se env\u00edan las cookies y trate los datos que se obtengan se pueden distinguir dos tipos:<\/p>\n\n\n\n<ul class=\"wp-block-list\">\n<li>Cookies propias: aqu\u00e9llas que se env\u00edan al equipo terminal del usuario desde un equipo o dominio gestionado por el propio editor y desde el que se presta el servicio solicitado por el usuario.<\/li>\n\n\n\n<li>Cookies de terceros: aqu\u00e9llas que se env\u00edan al equipo terminal del usuario desde un equipo o dominio que no es gestionado por el editor, sino por otra entidad que trata los datos obtenidos trav\u00e9s de las cookies.<\/li>\n<\/ul>\n\n\n\n<p>En el caso de que las cookies sean instaladas desde un equipo o dominio gestionado por el propio editor pero la informaci\u00f3n que se recoja mediante \u00e9stas sea gestionada por un tercero, no pueden ser consideradas como cookies propias.<\/p>\n\n\n\n<p>Existe tambi\u00e9n una segunda clasificaci\u00f3n seg\u00fan el plazo de tiempo que permanecen almacenadas en el navegador del cliente, pudiendo tratarse de:<\/p>\n\n\n\n<ul class=\"wp-block-list\">\n<li>Cookies de sesi\u00f3n: dise\u00f1adas para recabar y almacenar datos mientras el usuario accede a una p\u00e1gina web. Se suelen emplear para almacenar informaci\u00f3n que solo interesa conservar para la prestaci\u00f3n del servicio solicitado por el usuario en una sola ocasi\u00f3n (p.e. una lista de productos adquiridos).<\/li>\n\n\n\n<li>Cookies persistentes: los datos siguen almacenados en el terminal y pueden ser accedidos y tratados durante un periodo definido por el responsable de la cookie, y que puede ir de unos minutos a varios a\u00f1os.<\/li>\n<\/ul>\n\n\n\n<p>Por \u00faltimo, existe otra clasificaci\u00f3n con cinco tipos de cookies seg\u00fan la finalidad para la que se traten los datos obtenidos:<\/p>\n\n\n\n<ul class=\"wp-block-list\">\n<li>Cookies t\u00e9cnicas: aquellas que permiten al usuario la navegaci\u00f3n a trav\u00e9s de una p\u00e1gina web, plataforma o aplicaci\u00f3n y la utilizaci\u00f3n de las diferentes opciones o servicios que en ella existan como, por ejemplo, controlar el tr\u00e1fico y la comunicaci\u00f3n de datos, identificar la sesi\u00f3n, acceder a partes de acceso restringido, recordar los elementos que integran un pedido, realizar el proceso de compra de un pedido, realizar la solicitud de inscripci\u00f3n o participaci\u00f3n en un evento, utilizar elementos de seguridad durante la navegaci\u00f3n, almacenar contenidos para la difusi\u00f3n de v\u00eddeos o sonido o compartir contenidos a trav\u00e9s de redes sociales.<\/li>\n\n\n\n<li>Cookies de personalizaci\u00f3n: permiten al usuario acceder al servicio con algunas caracter\u00edsticas de car\u00e1cter general predefinidas en funci\u00f3n de una serie de criterios en el terminal del usuario como por ejemplo serian el idioma, el tipo de navegador a trav\u00e9s del cual accede al servicio, la configuraci\u00f3n regional desde donde accede al servicio, etc.<\/li>\n\n\n\n<li>Cookies de an\u00e1lisis: permiten al responsable de las mismas, el seguimiento y an\u00e1lisis del comportamiento de los usuarios de los sitios web a los que est\u00e1n vinculadas. La informaci\u00f3n recogida mediante este tipo de cookies se utiliza en la medici\u00f3n de la actividad de los sitios web, aplicaci\u00f3n o plataforma y para la elaboraci\u00f3n de perfiles de navegaci\u00f3n de los usuarios de dichos sitios, aplicaciones y plataformas, con el fin de introducir mejoras en funci\u00f3n del an\u00e1lisis de los datos de uso que hacen los usuarios del servicio.<\/li>\n\n\n\n<li>Cookies publicitarias: permiten la gesti\u00f3n, de la forma m\u00e1s eficaz posible, de los espacios publicitarios.<\/li>\n\n\n\n<li>Cookies de publicidad comportamental: almacenan informaci\u00f3n del comportamiento de los usuarios obtenida a trav\u00e9s de la observaci\u00f3n continuada de sus h\u00e1bitos de navegaci\u00f3n, lo que permite desarrollar un perfil espec\u00edfico para mostrar publicidad en funci\u00f3n del mismo.<\/li>\n\n\n\n<li>Cookies de redes sociales externas: se utilizan para que los visitantes puedan interactuar con el contenido de diferentes plataformas sociales (facebook, youtube, twitter, linkedIn, etc..) y que se generen \u00fanicamente para los usuarios de dichas redes sociales. Las condiciones de utilizaci\u00f3n de estas cookies y la informaci\u00f3n recopilada se regula por la pol\u00edtica de privacidad de la plataforma social correspondiente.<\/li>\n<\/ul>\n\n\n\n<h3 class=\"wp-block-heading\">DESACTIVACI\u00d3N Y ELIMINACI\u00d3N DE COOKIES<\/h3>\n\n\n\n<p>Tienes la opci\u00f3n de permitir, bloquear o eliminar las cookies instaladas en tu equipo mediante la configuraci\u00f3n de las opciones del navegador instalado en su equipo. Al desactivar cookies, algunos de los servicios disponibles podr\u00edan dejar de estar operativos. La forma de deshabilitar las cookies es diferente para cada navegador, pero normalmente puede hacerse desde el men\u00fa Herramientas u Opciones. Tambi\u00e9n puede consultarse el men\u00fa de Ayuda del navegador d\u00f3nde puedes encontrar instrucciones. El usuario podr\u00e1 en cualquier momento elegir qu\u00e9 cookies quiere que funcionen en este sitio web.<\/p>\n\n\n\n<p>Puedes permitir, bloquear o eliminar las cookies instaladas en tu equipo mediante la configuraci\u00f3n de las opciones del navegador instalado en tu ordenador:<\/p>\n\n\n\n<p>Microsoft Internet Explorer o Microsoft Edge: <a href=\"http:\/\/windows.microsoft.com\/es-es\/windows-vista\/Block-or-allow-cookies\" target=\"_blank\" rel=\"noreferrer noopener\">http:\/\/windows.microsoft.com\/es-es\/windows-vista\/Block-or-allow-cookies<\/a><\/p>\n\n\n\n<p>Mozilla Firefox: <a href=\"http:\/\/support.mozilla.org\/es\/kb\/impedir-que-los-sitios-web-guarden-sus-preferencia\" target=\"_blank\" rel=\"noreferrer noopener\">http:\/\/support.mozilla.org\/es\/kb\/impedir-que-los-sitios-web-guarden-sus-preferencia<\/a><\/p>\n\n\n\n<p>Chrome: <a href=\"https:\/\/support.google.com\/accounts\/answer\/61416?hl=es\" target=\"_blank\" rel=\"noreferrer noopener\">https:\/\/support.google.com\/accounts\/answer\/61416?hl=es<\/a><\/p>\n\n\n\n<p>Safari: <a href=\"http:\/\/safari.helpmax.net\/es\/privacidad-y-seguridad\/como-gestionar-las-cookies\/\" target=\"_blank\" rel=\"noreferrer noopener\">http:\/\/safari.helpmax.net\/es\/privacidad-y-seguridad\/como-gestionar-las-cookies\/<\/a><\/p>\n\n\n\n<p>Opera:<a href=\"http:\/\/help.opera.com\/Linux\/10.60\/es-ES\/cookies.html\" target=\"_blank\" rel=\"noreferrer noopener\"> http:\/\/help.opera.com\/Linux\/10.60\/es-ES\/cookies.html<\/a><\/p>\n\n\n\n<p>Adem\u00e1s, tambi\u00e9n puede gestionar el almac\u00e9n de cookies en su navegador a trav\u00e9s de herramientas como las siguientes:<\/p>\n\n\n\n<p>Ghostery: <a href=\"http:\/\/www.ghostery.com\/\" target=\"_blank\" rel=\"noreferrer noopener\">www.ghostery.com\/<\/a><\/p>\n\n\n\n<p>Your online choices: <a href=\"http:\/\/www.youronlinechoices.com\/es\/\" target=\"_blank\" rel=\"noreferrer noopener\">www.youronlinechoices.com\/es\/<\/a><\/p>\n\n\n\n<p>&nbsp;COOKIES UTILIZADAS EN <a href=\"http:\/\/www.gemmaabasolo.com\" target=\"_blank\" rel=\"noreferrer noopener\">www.<\/a><a href=\"http:\/\/www.martatorre.dev\">martatorre.dev<\/a><\/p>\n\n\n\n<p>A continuaci\u00f3n se identifican las cookies que est\u00e1n siendo utilizadas en este portal as\u00ed como su tipolog\u00eda y funci\u00f3n:<\/p>\n\n\n\n<p><strong>Cookies propias<\/strong><\/p>\n\n\n\n<p>Cookies de sesi\u00f3n, para garantizar que los usuarios que escriben comentarios en el blog son humanos y no aplicaciones automatizadas. De esta forma se combate el spam.<\/p>\n\n\n\n<p><strong>Cookies de terceros<\/strong><\/p>\n\n\n\n<p>Google Analytics: Almacena cookies para poder elaborar estad\u00edsticas sobre el tr\u00e1fico y volumen de visitas de esta web. Al utilizar este sitio web est\u00e1s consintiendo el tratamiento de informaci\u00f3n acerca de ti por Google. Por tanto, el ejercicio de cualquier derecho en este sentido deber\u00e1s hacerlo comunicando directamente con Google.<\/p>\n\n\n\n<p>Redes sociales: Cada red social utiliza sus propias cookies y depender\u00e1n de la configuraci\u00f3n de privacidad que ha elegido en estas redes. En ning\u00fan caso, ni el responsable de esta web ni los anunciantes pueden obtener informaci\u00f3n personal identificable de estas cookies.<\/p>\n\n\n\n<figure class=\"wp-block-table\"><table class=\"has-fixed-layout\"><tbody><tr><td><strong>C<\/strong><strong>OOKIE<\/strong><\/td><td><strong>T<\/strong><strong>IPO<\/strong><\/td><td><strong>F<\/strong><strong>UNCI\u00d3N<\/strong><\/td><td><strong>D<\/strong><strong>ESCRIPCI\u00d3N<\/strong><\/td><\/tr><tr><td><strong>wordpress_test_cookie<\/strong><\/td><td>Propia<\/td><td>T\u00e9cnica y de sesi\u00f3n<\/td><td>Cookie relacionada con WordPress. Se usa para que el gestor de contenidos WordPress compruebe si el navegador tiene las cookies activadas<\/td><\/tr><tr><td><strong>gadwp_ir_default_dimension<\/strong><strong>gadwp_ir_default_metric<\/strong><strong>gadwp_ir_default_swmetric<\/strong><\/td><td>Propias<\/td><td>T\u00e9cnicas<\/td><td>Cookie relacionada con WordPress. Se utiliza para la gesti\u00f3n del acceso a la web y el despliege de im\u00e1genes<\/td><\/tr><tr><td><strong>spu_conversion<\/strong><\/td><td>Propia<\/td><td>T\u00e9cnica<\/td><td>Permite saber que ya se ha registrado y no volver a mostrar la ventana emergente<\/td><\/tr><tr><td><strong>spu_closing<\/strong><\/td><td>Propia<\/td><td>T\u00e9cnica<\/td><td>Permite saber que no est\u00e1 interesado en la oferta en este momento y no volver a mostrar la ventana emergente.<\/td><\/tr><tr><td><strong>viewed_cookie_policy<\/strong><\/td><td>Propia<\/td><td>T\u00e9cnica y de sesi\u00f3n<\/td><td>La propia herramienta de aviso del uso de cookies instalada en el portal, emplea esta cookie cuya finalidad es recordar la preferencia del usuarios respecto de la informaci\u00f3n facilitada sobre estos mecanismos<\/td><\/tr><tr><td><strong>_ga<\/strong><\/td><td>Terceros<\/td><td>Anal\u00edtica<\/td><td>Cookie relacionada con Google Analytics. Almacena un identificador de cliente \u00fanico y sirve para el control de las visitas \u00fanicas, datos de usuarios, campa\u00f1as\u2026 Tiene una caducidad de 2 a\u00f1os.<\/td><\/tr><tr><td><strong>_gid<\/strong><\/td><td>Terceros<\/td><td>Anal\u00edtica<\/td><td>Cookie relacionada con Google Analytics que se usa para distinguir a los usuarios. Tiene una duraci\u00f3n de 24 horas.<\/td><\/tr><\/tbody><\/table><\/figure>\n\n\n\n<p>&nbsp;ACEPTACI\u00d3N DE LA POL\u00cdTICA DE COOKIES<\/p>\n\n\n\n<p>www.martatorre.dev asume que usted acepta el uso de cookies. No obstante, muestra informaci\u00f3n sobre su Pol\u00edtica de cookies en la parte inferior o superior de cualquier p\u00e1gina del portal con cada inicio de sesi\u00f3n con el objeto de que usted sea consciente.<\/p>\n\n\n\n<ul class=\"wp-block-list\">\n<li>Ante esta informaci\u00f3n es posible llevar a cabo las siguientes acciones:<\/li>\n\n\n\n<li>Aceptar cookies. No se volver\u00e1 a visualizar este aviso al acceder a cualquier p\u00e1gina del portal durante la presente sesi\u00f3n.<\/li>\n\n\n\n<li>Cerrar. Se oculta el aviso en la presente p\u00e1gina.<\/li>\n\n\n\n<li>Modificar su configuraci\u00f3n. Podr\u00e1 obtener m\u00e1s informaci\u00f3n sobre qu\u00e9 son las cookies, conocer la Pol\u00edtica de cookies de <a href=\"https:\/\/www.martaotorre.dev\/\" target=\"_blank\" rel=\"noreferrer noopener\">www.martatorre.dev<\/a> y modificar la configuraci\u00f3n de su navegador.<\/li>\n<\/ul>\n","protected":false},"excerpt":{"rendered":"<p>Marta Torre Ajo (en adelante LA PROPIETARIA DE LA WEB) informa acerca del uso de las cookies en su p\u00e1gina web: www.martatorre.dev \u00bfQU\u00c9 SON LAS COOKIES? Las cookies son archivos que se pueden descargar en su equipo a trav\u00e9s de las p\u00e1ginas web. Son herramientas que tienen un papel esencial para la prestaci\u00f3n de numerosos [&hellip;]<\/p>\n","protected":false},"author":1,"featured_media":0,"parent":0,"menu_order":9,"comment_status":"closed","ping_status":"closed","template":"blank","meta":{"_acf_changed":false,"footnotes":""},"class_list":["post-850","page","type-page","status-publish","hentry"],"acf":[],"_links":{"self":[{"href":"https:\/\/smithdelafuente.com\/en\/wp-json\/wp\/v2\/pages\/850"}],"collection":[{"href":"https:\/\/smithdelafuente.com\/en\/wp-json\/wp\/v2\/pages"}],"about":[{"href":"https:\/\/smithdelafuente.com\/en\/wp-json\/wp\/v2\/types\/page"}],"author":[{"embeddable":true,"href":"https:\/\/smithdelafuente.com\/en\/wp-json\/wp\/v2\/users\/1"}],"replies":[{"embeddable":true,"href":"https:\/\/smithdelafuente.com\/en\/wp-json\/wp\/v2\/comments?post=850"}],"version-history":[{"count":2,"href":"https:\/\/smithdelafuente.com\/en\/wp-json\/wp\/v2\/pages\/850\/revisions"}],"predecessor-version":[{"id":855,"href":"https:\/\/smithdelafuente.com\/en\/wp-json\/wp\/v2\/pages\/850\/revisions\/855"}],"wp:attachment":[{"href":"https:\/\/smithdelafuente.com\/en\/wp-json\/wp\/v2\/media?parent=850"}],"curies":[{"name":"wp","href":"https:\/\/api.w.org\/{rel}","templated":true}]}}